{"id":2625,"date":"2026-01-28T14:54:03","date_gmt":"2026-01-28T14:54:03","guid":{"rendered":"https:\/\/risesunfood.com\/?post_type=product&#038;p=2625"},"modified":"2026-01-28T14:54:03","modified_gmt":"2026-01-28T14:54:03","slug":"frozen-green-pepper-rings","status":"publish","type":"product","link":"https:\/\/risesunfood.com\/es\/product\/frozen-green-pepper-rings\/","title":{"rendered":"Anillos de Pimiento Verde Congelados por IQF"},"content":{"rendered":"<div data-page-id=\"L90FflRNbdEGSHc1jqKcW9LNnVx\" data-lark-html-role=\"root\" data-docx-has-block-data=\"false\">\n<h2 class=\"heading-2 ace-line old-record-id-RmkgfzwKidB5uPcLagfcs3KhnJd\">Resumen del Producto<\/h2>\n<div class=\"ace-line ace-line old-record-id-H6PDfOolwdMT97c6steczpSrnEc\">Los anillos de pimiento verde congelados IQF de Risesun Food est\u00e1n elaborados con pimientos verdes frescos cuidadosamente seleccionados, cosechados a mano por su pulpa firme y crujiente, color verde vibrante y aroma natural limpio, sin sabores extra\u00f1os ni amargor. Nuestro riguroso flujo de trabajo de preprocesamiento comienza con un descoraz\u00f3n meticuloso y un corte preciso: cada pimiento se descorazona completamente para eliminar las semillas y las membranas duras, luego se corta en anillos de grosor uniforme para garantizar una apariencia consistente y un rendimiento \u00f3ptimo en la cocci\u00f3n. Despu\u00e9s de esto, los anillos de pimiento se someten a la tecnolog\u00eda de congelaci\u00f3n r\u00e1pida individual (IQF). Este avanzado proceso de congelaci\u00f3n asegura que cada anillo se congele de forma independiente, resultando en un producto de flujo libre que es f\u00e1cil de dosificar, elimina la aglomeraci\u00f3n y preserva la integridad estructural del pimiento durante el almacenamiento, manipulaci\u00f3n y preparaci\u00f3n final \u2014 ideal para servicios de alimentaci\u00f3n de alta eficiencia y l\u00edneas de fabricaci\u00f3n industrial.<\/div>\n<h2 class=\"heading-2 ace-line old-record-id-UCvPfHTZzdxcAHcWm7IcVTCcn2g\">Principales Ventajas de Rendimiento en Cocci\u00f3n y Calidad<\/h2>\n<div class=\"ace-line ace-line old-record-id-I5ZXf0sQzdxDllcT2vYcVj5Jn5f\">Para los anillos de pimiento verde, la uniformidad es la piedra angular de la calidad \u2014 y se define por dos factores cr\u00edticos: la integridad del anillo y el grosor del corte. Ambos impactan directamente la cobertura de los ingredientes, el comportamiento en la cocci\u00f3n y el atractivo visual final de sus platos, por lo que son requisitos innegociables para los servicios de alimentaci\u00f3n y la producci\u00f3n de comidas listas para consumir. Nuestros anillos de pimiento verde congelados IQF se someten a un control de calidad estricto para garantizar un corte uniforme y bordes ordenados y limpios, evitando anillos irregulares o con bordes desiguales que puedan afectar la presentaci\u00f3n y la uniformidad de la cocci\u00f3n.<\/div>\n<div class=\"ace-line ace-line old-record-id-Ua9qfAQMxdQzQCctaa4c4IC0nab\">Cuando se cocinan, nuestros anillos de pimiento mantienen su forma excepcionalmente bien \u2014 ya sea al hornearlos, saltearlos o asarlos \u2014 sin marchitarse ni romperse. Adem\u00e1s, nuestro procesamiento controlado minimiza la liberaci\u00f3n excesiva de humedad durante la cocci\u00f3n, una ventaja clave para aplicaciones como ingredientes de pizza (donde la humedad excesiva puede ablandar la masa) y formulaciones de comidas listas para consumir (donde la textura consistente y los niveles de humedad son fundamentales para la calidad del producto).<\/div>\n<div class=\"ace-line ace-line old-record-id-HBglfC6fsdw3aycQUgHcTVttnrc\">Esta confiabilidad convierte a nuestros anillos de pimiento verde congelados IQF en una opci\u00f3n vers\u00e1til para una amplia gama de aplicaciones, integr\u00e1ndose perfectamente en ingredientes de pizza, platos principales congelados, kits de comidas, s\u00e1ndwiches, wraps y mezclas de verduras \u2014 ideal para clientes minoristas, de servicios de alimentaci\u00f3n e industriales que exigen uniformidad entre lotes.<\/div>\n<h2 class=\"heading-2 ace-line old-record-id-G6i7fOIbOdcBf5c5qrBcXV0yngg\">Especificaciones Personalizables<\/h2>\n<div class=\"ace-line ace-line old-record-id-KbVKfUuPsdUlUzcZ9i6cmz5in2g\">Entendemos que diferentes mercados y canales tienen requisitos \u00fanicos, por lo que ofrecemos especificaciones totalmente personalizables para nuestros ejotes verdes congelados IQF, adaptadas a sus necesidades de venta minorista, servicios de alimentaci\u00f3n o producci\u00f3n industrial:<\/div>\n<ul class=\"list-bullet1\">\n<li class=\"ace-line ace-line old-record-id-OyXjf4k9Bdql7kcDa9YclxPanhb\" data-list=\"bullet\">\n<div><strong>Di\u00e1metro del Anillo<\/strong>Se ofrecen opciones de di\u00e1metro flexibles, desde peque\u00f1os anillos de tama\u00f1o bocado (ideales para botanas o comidas infantiles) hasta anillos m\u00e1s grandes (perfectos para ingredientes de pizza, s\u00e1ndwiches y platos enfocados en la presentaci\u00f3n visual), con tama\u00f1os personalizados disponibles bajo solicitud.<\/div>\n<\/li>\n<li class=\"ace-line ace-line old-record-id-GAAXfLMhYdANDtcNLUycWZzCnCd\" data-list=\"bullet\">\n<div><strong>Grosor del Corte<\/strong>Personalizaci\u00f3n precisa del grosor del corte para adaptarse a sus requisitos de cocci\u00f3n \u2014 cortes m\u00e1s delgados para aplicaciones de cocci\u00f3n r\u00e1pida (como salteados o comidas de calentamiento r\u00e1pido) y cortes m\u00e1s gruesos para una textura m\u00e1s consistente (como ingredientes de pizza o mezclas de verduras asadas).<\/div>\n<\/li>\n<li class=\"ace-line ace-line old-record-id-DlLyfdQgBdpQFJcPHYMcLnvTn3f\" data-list=\"bullet\">\n<div><strong>Personalizaciones Adicionales<\/strong>Tambi\u00e9n podemos ajustar los est\u00e1ndares de control de defectos (para minimizar manchas o irregularidades), los par\u00e1metros de procesamiento y los formatos de empaque para alinearlos con las regulaciones espec\u00edficas de su mercado, los est\u00e1ndares de marca y los objetivos de producto.<\/div>\n<\/li>\n<\/ul>\n<\/div>","protected":false},"excerpt":{"rendered":"<ul>\n<li>Anillos uniformes con grosor de corte controlado para una mejor cobertura<\/li>\n<li>Piezas IQF de flujo libre para dosificaci\u00f3n eficiente y control de porciones<\/li>\n<li>Aroma limpio y rendimiento estable en reposter\u00eda y comidas listas para consumir<\/li>\n<\/ul>","protected":false},"featured_media":2626,"template":"","meta":[],"product_brand":[],"product_cat":[28],"product_tag":[],"class_list":{"0":"post-2625","1":"product","2":"type-product","3":"status-publish","4":"has-post-thumbnail","6":"product_cat-vegetable","8":"first","9":"instock","10":"shipping-taxable","11":"product-type-simple"},"yoast_head":"<!-- This site is optimized with the Yoast SEO Premium plugin v26.8 (Yoast SEO v27.4) - https:\/\/yoast.com\/product\/yoast-seo-premium-wordpress\/ -->\n<title>IQF Frozen Green Pepper Rings - IQF Frozen Vegetables Supplier - Bulk &amp; Private Label %<\/title>\n<meta name=\"description\" content=\"IQF frozen green pepper rings with consistent thickness and flavor. Great for pizza\/toppings, foodservice and retail packs, export to US\/EU\/Japan.\" \/>\n<meta name=\"robots\" content=\"index, follow, max-snippet:-1, max-image-preview:large, max-video-preview:-1\" \/>\n<link rel=\"canonical\" href=\"https:\/\/risesunfood.com\/es\/product\/frozen-green-pepper-rings\/\" \/>\n<meta property=\"og:locale\" content=\"es_ES\" \/>\n<meta property=\"og:type\" content=\"article\" \/>\n<meta property=\"og:title\" content=\"IQF Frozen Green Pepper Rings\" \/>\n<meta property=\"og:description\" content=\"IQF frozen green pepper rings with consistent thickness and flavor. Great for pizza\/toppings, foodservice and retail packs, export to US\/EU\/Japan.\" \/>\n<meta property=\"og:url\" content=\"https:\/\/risesunfood.com\/es\/product\/frozen-green-pepper-rings\/\" \/>\n<meta property=\"og:site_name\" content=\"IQF Frozen Vegetables Supplier\" \/>\n<meta property=\"og:image\" content=\"https:\/\/risesunfood.com\/wp-content\/uploads\/2026\/01\/20251218165915_140_46-1024x989.jpg\" \/>\n\t<meta property=\"og:image:width\" content=\"1024\" \/>\n\t<meta property=\"og:image:height\" content=\"989\" \/>\n\t<meta property=\"og:image:type\" content=\"image\/jpeg\" \/>\n<meta name=\"twitter:card\" content=\"summary_large_image\" \/>\n<meta name=\"twitter:label1\" content=\"Tiempo de lectura\" \/>\n\t<meta name=\"twitter:data1\" content=\"3 minutos\" \/>\n<script type=\"application\/ld+json\" class=\"yoast-schema-graph\">{\"@context\":\"https:\\\/\\\/schema.org\",\"@graph\":[{\"@type\":\"WebPage\",\"@id\":\"https:\\\/\\\/risesunfood.com\\\/product\\\/frozen-green-pepper-rings\\\/\",\"url\":\"https:\\\/\\\/risesunfood.com\\\/product\\\/frozen-green-pepper-rings\\\/\",\"name\":\"IQF Frozen Green Pepper Rings - IQF Frozen Vegetables Supplier - Bulk & Private Label %\",\"isPartOf\":{\"@id\":\"https:\\\/\\\/risesunfood.com\\\/#website\"},\"primaryImageOfPage\":{\"@id\":\"https:\\\/\\\/risesunfood.com\\\/product\\\/frozen-green-pepper-rings\\\/#primaryimage\"},\"image\":{\"@id\":\"https:\\\/\\\/risesunfood.com\\\/product\\\/frozen-green-pepper-rings\\\/#primaryimage\"},\"thumbnailUrl\":\"https:\\\/\\\/risesunfood.com\\\/wp-content\\\/uploads\\\/2026\\\/01\\\/20251218165915_140_46.jpg\",\"datePublished\":\"2026-01-28T14:54:03+00:00\",\"description\":\"IQF frozen green pepper rings with consistent thickness and flavor. Great for pizza\\\/toppings, foodservice and retail packs, export to US\\\/EU\\\/Japan.\",\"breadcrumb\":{\"@id\":\"https:\\\/\\\/risesunfood.com\\\/product\\\/frozen-green-pepper-rings\\\/#breadcrumb\"},\"inLanguage\":\"es\",\"potentialAction\":[{\"@type\":\"ReadAction\",\"target\":[\"https:\\\/\\\/risesunfood.com\\\/product\\\/frozen-green-pepper-rings\\\/\"]}]},{\"@type\":\"ImageObject\",\"inLanguage\":\"es\",\"@id\":\"https:\\\/\\\/risesunfood.com\\\/product\\\/frozen-green-pepper-rings\\\/#primaryimage\",\"url\":\"https:\\\/\\\/risesunfood.com\\\/wp-content\\\/uploads\\\/2026\\\/01\\\/20251218165915_140_46.jpg\",\"contentUrl\":\"https:\\\/\\\/risesunfood.com\\\/wp-content\\\/uploads\\\/2026\\\/01\\\/20251218165915_140_46.jpg\",\"width\":2048,\"height\":1977,\"caption\":\"{\\\"ARInfo\\\":{\\\"IsUseAR\\\":false},\\\"Version\\\":\\\"1.0.0\\\",\\\"MakeupInfo\\\":{\\\"IsUseMakeup\\\":false},\\\"FaceliftInfo\\\":{\\\"IsChangeEyeLift\\\":false,\\\"IsChangeFacelift\\\":false,\\\"IsChangePostureLift\\\":false,\\\"IsChangeNose\\\":false,\\\"IsChangeFaceChin\\\":false,\\\"IsChangeMouth\\\":false,\\\"IsChangeThinFace\\\":false},\\\"BeautyInfo\\\":{\\\"SwitchMedicatedAcne\\\":false,\\\"IsAIBeauty\\\":false,\\\"IsBrightEyes\\\":false,\\\"IsSharpen\\\":false,\\\"IsOldBeauty\\\":false,\\\"IsReduceBlackEyes\\\":false},\\\"HandlerInfo\\\":{\\\"AppName\\\":2},\\\"FilterInfo\\\":{\\\"IsUseFilter\\\":false}}\"},{\"@type\":\"BreadcrumbList\",\"@id\":\"https:\\\/\\\/risesunfood.com\\\/product\\\/frozen-green-pepper-rings\\\/#breadcrumb\",\"itemListElement\":[{\"@type\":\"ListItem\",\"position\":1,\"name\":\"Home\",\"item\":\"https:\\\/\\\/risesunfood.com\\\/\"},{\"@type\":\"ListItem\",\"position\":2,\"name\":\"Shop\",\"item\":\"https:\\\/\\\/risesunfood.com\\\/shop\\\/\"},{\"@type\":\"ListItem\",\"position\":3,\"name\":\"IQF Frozen Green Pepper Rings\"}]},{\"@type\":\"WebSite\",\"@id\":\"https:\\\/\\\/risesunfood.com\\\/#website\",\"url\":\"https:\\\/\\\/risesunfood.com\\\/\",\"name\":\"IQF Frozen Vegetables Supplier\",\"description\":\"Exporter from China | Risesun\",\"publisher\":{\"@id\":\"https:\\\/\\\/risesunfood.com\\\/#organization\"},\"potentialAction\":[{\"@type\":\"SearchAction\",\"target\":{\"@type\":\"EntryPoint\",\"urlTemplate\":\"https:\\\/\\\/risesunfood.com\\\/?s={search_term_string}\"},\"query-input\":{\"@type\":\"PropertyValueSpecification\",\"valueRequired\":true,\"valueName\":\"search_term_string\"}}],\"inLanguage\":\"es\"},{\"@type\":\"Organization\",\"@id\":\"https:\\\/\\\/risesunfood.com\\\/#organization\",\"name\":\"IQF Frozen Vegetables Supplier\",\"url\":\"https:\\\/\\\/risesunfood.com\\\/\",\"logo\":{\"@type\":\"ImageObject\",\"inLanguage\":\"es\",\"@id\":\"https:\\\/\\\/risesunfood.com\\\/#\\\/schema\\\/logo\\\/image\\\/\",\"url\":\"https:\\\/\\\/risesunfood.com\\\/wp-content\\\/uploads\\\/2026\\\/01\\\/logo.webp\",\"contentUrl\":\"https:\\\/\\\/risesunfood.com\\\/wp-content\\\/uploads\\\/2026\\\/01\\\/logo.webp\",\"width\":1415,\"height\":948,\"caption\":\"IQF Frozen Vegetables Supplier\"},\"image\":{\"@id\":\"https:\\\/\\\/risesunfood.com\\\/#\\\/schema\\\/logo\\\/image\\\/\"},\"description\":\"IQF Frozen Vegetables Manufacturer & Exporter from China\",\"email\":\"support@risesunfood.com\",\"telephone\":\"+8615281114121\",\"foundingDate\":\"2018-06-28\",\"numberOfEmployees\":{\"@type\":\"QuantitativeValue\",\"minValue\":\"201\",\"maxValue\":\"500\"}}]}<\/script>\n<!-- \/ Yoast SEO Premium plugin. -->","yoast_head_json":{"title":"IQF Frozen Green Pepper Rings - IQF Frozen Vegetables Supplier - Bulk & Private Label %","description":"IQF frozen green pepper rings with consistent thickness and flavor. Great for pizza\/toppings, foodservice and retail packs, export to US\/EU\/Japan.","robots":{"index":"index","follow":"follow","max-snippet":"max-snippet:-1","max-image-preview":"max-image-preview:large","max-video-preview":"max-video-preview:-1"},"canonical":"https:\/\/risesunfood.com\/es\/product\/frozen-green-pepper-rings\/","og_locale":"es_ES","og_type":"article","og_title":"IQF Frozen Green Pepper Rings","og_description":"IQF frozen green pepper rings with consistent thickness and flavor. Great for pizza\/toppings, foodservice and retail packs, export to US\/EU\/Japan.","og_url":"https:\/\/risesunfood.com\/es\/product\/frozen-green-pepper-rings\/","og_site_name":"IQF Frozen Vegetables Supplier","og_image":[{"width":1024,"height":989,"url":"https:\/\/risesunfood.com\/wp-content\/uploads\/2026\/01\/20251218165915_140_46-1024x989.jpg","type":"image\/jpeg"}],"twitter_card":"summary_large_image","twitter_misc":{"Tiempo de lectura":"3 minutos"},"schema":{"@context":"https:\/\/schema.org","@graph":[{"@type":"WebPage","@id":"https:\/\/risesunfood.com\/product\/frozen-green-pepper-rings\/","url":"https:\/\/risesunfood.com\/product\/frozen-green-pepper-rings\/","name":"IQF Frozen Green Pepper Rings - IQF Frozen Vegetables Supplier - Bulk & Private Label %","isPartOf":{"@id":"https:\/\/risesunfood.com\/#website"},"primaryImageOfPage":{"@id":"https:\/\/risesunfood.com\/product\/frozen-green-pepper-rings\/#primaryimage"},"image":{"@id":"https:\/\/risesunfood.com\/product\/frozen-green-pepper-rings\/#primaryimage"},"thumbnailUrl":"https:\/\/risesunfood.com\/wp-content\/uploads\/2026\/01\/20251218165915_140_46.jpg","datePublished":"2026-01-28T14:54:03+00:00","description":"IQF frozen green pepper rings with consistent thickness and flavor. Great for pizza\/toppings, foodservice and retail packs, export to US\/EU\/Japan.","breadcrumb":{"@id":"https:\/\/risesunfood.com\/product\/frozen-green-pepper-rings\/#breadcrumb"},"inLanguage":"es","potentialAction":[{"@type":"ReadAction","target":["https:\/\/risesunfood.com\/product\/frozen-green-pepper-rings\/"]}]},{"@type":"ImageObject","inLanguage":"es","@id":"https:\/\/risesunfood.com\/product\/frozen-green-pepper-rings\/#primaryimage","url":"https:\/\/risesunfood.com\/wp-content\/uploads\/2026\/01\/20251218165915_140_46.jpg","contentUrl":"https:\/\/risesunfood.com\/wp-content\/uploads\/2026\/01\/20251218165915_140_46.jpg","width":2048,"height":1977,"caption":"{\"ARInfo\":{\"IsUseAR\":false},\"Version\":\"1.0.0\",\"MakeupInfo\":{\"IsUseMakeup\":false},\"FaceliftInfo\":{\"IsChangeEyeLift\":false,\"IsChangeFacelift\":false,\"IsChangePostureLift\":false,\"IsChangeNose\":false,\"IsChangeFaceChin\":false,\"IsChangeMouth\":false,\"IsChangeThinFace\":false},\"BeautyInfo\":{\"SwitchMedicatedAcne\":false,\"IsAIBeauty\":false,\"IsBrightEyes\":false,\"IsSharpen\":false,\"IsOldBeauty\":false,\"IsReduceBlackEyes\":false},\"HandlerInfo\":{\"AppName\":2},\"FilterInfo\":{\"IsUseFilter\":false}}"},{"@type":"BreadcrumbList","@id":"https:\/\/risesunfood.com\/product\/frozen-green-pepper-rings\/#breadcrumb","itemListElement":[{"@type":"ListItem","position":1,"name":"Home","item":"https:\/\/risesunfood.com\/"},{"@type":"ListItem","position":2,"name":"Shop","item":"https:\/\/risesunfood.com\/shop\/"},{"@type":"ListItem","position":3,"name":"IQF Frozen Green Pepper Rings"}]},{"@type":"WebSite","@id":"https:\/\/risesunfood.com\/#website","url":"https:\/\/risesunfood.com\/","name":"Proveedor de Verduras Congeladas IQF","description":"Exporter from China | Risesun","publisher":{"@id":"https:\/\/risesunfood.com\/#organization"},"potentialAction":[{"@type":"SearchAction","target":{"@type":"EntryPoint","urlTemplate":"https:\/\/risesunfood.com\/?s={search_term_string}"},"query-input":{"@type":"PropertyValueSpecification","valueRequired":true,"valueName":"search_term_string"}}],"inLanguage":"es"},{"@type":"Organization","@id":"https:\/\/risesunfood.com\/#organization","name":"Proveedor de Verduras Congeladas IQF","url":"https:\/\/risesunfood.com\/","logo":{"@type":"ImageObject","inLanguage":"es","@id":"https:\/\/risesunfood.com\/#\/schema\/logo\/image\/","url":"https:\/\/risesunfood.com\/wp-content\/uploads\/2026\/01\/logo.webp","contentUrl":"https:\/\/risesunfood.com\/wp-content\/uploads\/2026\/01\/logo.webp","width":1415,"height":948,"caption":"IQF Frozen Vegetables Supplier"},"image":{"@id":"https:\/\/risesunfood.com\/#\/schema\/logo\/image\/"},"description":"IQF Frozen Vegetables Manufacturer & Exporter from China","email":"support@risesunfood.com","telephone":"+8615281114121","foundingDate":"2018-06-28","numberOfEmployees":{"@type":"QuantitativeValue","minValue":"201","maxValue":"500"}}]}},"_links":{"self":[{"href":"https:\/\/risesunfood.com\/es\/wp-json\/wp\/v2\/product\/2625","targetHints":{"allow":["GET"]}}],"collection":[{"href":"https:\/\/risesunfood.com\/es\/wp-json\/wp\/v2\/product"}],"about":[{"href":"https:\/\/risesunfood.com\/es\/wp-json\/wp\/v2\/types\/product"}],"wp:featuredmedia":[{"embeddable":true,"href":"https:\/\/risesunfood.com\/es\/wp-json\/wp\/v2\/media\/2626"}],"wp:attachment":[{"href":"https:\/\/risesunfood.com\/es\/wp-json\/wp\/v2\/media?parent=2625"}],"wp:term":[{"taxonomy":"product_brand","embeddable":true,"href":"https:\/\/risesunfood.com\/es\/wp-json\/wp\/v2\/product_brand?post=2625"},{"taxonomy":"product_cat","embeddable":true,"href":"https:\/\/risesunfood.com\/es\/wp-json\/wp\/v2\/product_cat?post=2625"},{"taxonomy":"product_tag","embeddable":true,"href":"https:\/\/risesunfood.com\/es\/wp-json\/wp\/v2\/product_tag?post=2625"}],"curies":[{"name":"wp","href":"https:\/\/api.w.org\/{rel}","templated":true}]}}