{"id":2629,"date":"2026-01-28T14:56:46","date_gmt":"2026-01-28T14:56:46","guid":{"rendered":"https:\/\/risesunfood.com\/?post_type=product&#038;p=2629"},"modified":"2026-01-28T14:56:47","modified_gmt":"2026-01-28T14:56:47","slug":"quimbombo-congelado-entero-y-en-rodajas","status":"publish","type":"product","link":"https:\/\/risesunfood.com\/es\/product\/quimbombo-congelado-entero-y-en-rodajas\/","title":{"rendered":"Quimbomb\u00f3 Congelado por IQF"},"content":{"rendered":"<div data-page-id=\"RPIEf7gxVdetiYcjKYGcYlu7n8f\" data-lark-html-role=\"root\" data-docx-has-block-data=\"false\">\n<h2 class=\"heading-2 ace-line old-record-id-QDBPf9vJXd7Wo9cp0H4cJaUdnUf\">Resumen del Producto<\/h2>\n<div class=\"ace-line ace-line old-record-id-ByiwfgSLTdsMKKcPZwGciqcgnnd\">El quimbomb\u00f3 congelado IQF de Risesun Food est\u00e1 elaborado a partir de vainas j\u00f3venes y tiernas cuidadosamente seleccionadas, recolectadas a mano en su punto m\u00e1ximo de frescura para garantizar longitud uniforme, textura firme, color verde vibrante y sabor limpio y suave. Nuestro riguroso flujo de trabajo de preprocesamiento comienza con un lavado exhaustivo para eliminar cualquier suciedad, restos o impurezas residuales, seguido de una clasificaci\u00f3n precisa para mantener el tama\u00f1o y la apariencia consistentes de las vainas. Cada vaina es luego cortada meticulosamente para eliminar los tallos y extremos duros, y puede procesarse como quimbomb\u00f3 entero o cortado (seg\u00fan sus requerimientos). Despu\u00e9s del preprocesamiento, el quimbomb\u00f3 se somete a la tecnolog\u00eda de Congelaci\u00f3n R\u00e1pida Individual (IQF): este avanzado proceso de congelaci\u00f3n r\u00e1pida asegura que cada vaina o trozo se congele de forma independiente, resultando en un producto de flujo libre que es f\u00e1cil de dosificar, elimina la aglomeraci\u00f3n y conserva la estructura natural, textura y nutrientes del quimbomb\u00f3 durante el almacenamiento, manipulaci\u00f3n y preparaci\u00f3n final. Es ideal para operaciones de servicios de alimentaci\u00f3n de alta eficiencia y l\u00edneas de procesamiento industrial.<\/div>\n<h2 class=\"heading-2 ace-line old-record-id-XmHtfv5zzd3V6ccXISUcW1VBn6b\">Principales Ventajas de Rendimiento en Cocci\u00f3n y Calidad<\/h2>\n<div class=\"ace-line ace-line old-record-id-PtI8fxUGXdfKyrcMFTCcPTvNnHb\">El quimbomb\u00f3 es particularmente sensible a dos factores cr\u00edticos: madurez y calidad de corte, ambos directamente influyen en la textura y el nivel de muc\u00edlago (com\u00fanmente llamado \"baba\") liberado durante la cocci\u00f3n. En Risesun Food, priorizamos medidas estrictas de control de calidad para abordar estos desaf\u00edos: la clasificaci\u00f3n controlada garantiza que solo seleccionemos vainas j\u00f3venes y tiernas (evitando las vainas sobre maduras que producen exceso de muc\u00edlago y textura dura), los cortes ordenados y precisos minimizan el da\u00f1o celular (lo que tambi\u00e9n reduce la baba no deseada), y la gesti\u00f3n estable de humedad durante todo el procesamiento garantiza un rendimiento constante en todas las aplicaciones culinarias comunes.<\/div>\n<div class=\"ace-line ace-line old-record-id-EpPhfNuptdFbgzcwkdWcmsgxnzh\">Al cocinarse, nuestro quimbomb\u00f3 congelado IQF mantiene una textura agradable y firme, as\u00ed como una apariencia visual estable, evitando el ablandamiento excesivo, el cambio de color o una textura pastosa. La liberaci\u00f3n controlada de muc\u00edlago garantiza que realce los platos sin dominarlos, convirti\u00e9ndolo en un ingrediente vers\u00e1til y confiable para una amplia gama de usos culinarios. Es especialmente adecuado para sopas, guisos, curries, platos al estilo gumbo y preparaciones de quimbomb\u00f3 frito, adem\u00e1s de kits de comidas, platos principales congelados y mezclas de verduras, siendo ideal para clientes de servicios de alimentaci\u00f3n e industriales que exigen coherencia entre lotes.<\/div>\n<h2 class=\"heading-2 ace-line old-record-id-HumMfONlndAGiVcc8cCcMuQLnR4\">Especificaciones Personalizables<\/h2>\n<div class=\"ace-line ace-line old-record-id-OcRXfobRQd9pWBcWT8gcB1flnfb\">Entendemos que las necesidades var\u00edan entre diferentes servicios de alimentaci\u00f3n y procesamiento industrial, por lo que ofrecemos especificaciones totalmente personalizables para nuestro quimbomb\u00f3 congelado IQF, adaptadas a sus requisitos \u00fanicos:<\/div>\n<ul class=\"list-bullet1\">\n<li class=\"ace-line ace-line old-record-id-CGh9falxadVTFzcy0Iyc1zYhn5d\" data-list=\"bullet\">\n<div><strong>Rango de Longitud<\/strong>Disponible personalizaci\u00f3n flexible de longitud, con opciones de tama\u00f1o uniforme para adaptarse a sus aplicaciones: desde vainas peque\u00f1as de tama\u00f1o de bocado para snacks o comidas infantiles, hasta vainas m\u00e1s largas para sopas, guisos y platos centr\u00e1ndose en la presentaci\u00f3n, con clasificaci\u00f3n personalizada disponible bajo petici\u00f3n.<\/div>\n<\/li>\n<li class=\"ace-line ace-line old-record-id-OcwXfTd0ldBKPrcAkK9c2tsknre\" data-list=\"bullet\">\n<div><strong>Grosor del Corte<\/strong>Opciones vers\u00e1tiles de corte, incluyendo quimbomb\u00f3 entero (recortado o sin recortar) y quimbomb\u00f3 cortado (en rodajas, cubos o trozos), con control preciso de grosor: cortes m\u00e1s delgados para aplicaciones de cocci\u00f3n r\u00e1pida, y cortes m\u00e1s gruesos para una textura m\u00e1s consistente y mejor retenci\u00f3n de forma durante la fritura o cocci\u00f3n a fuego lento.<\/div>\n<\/li>\n<li class=\"ace-line ace-line old-record-id-UTtsflNjEd1TTQchrXmcxJCTntd\" data-list=\"bullet\">\n<div><strong>Personalizaciones Adicionales<\/strong>Tambi\u00e9n podemos ajustar los est\u00e1ndares de control de defectos (para minimizar manchas o irregularidades), los par\u00e1metros de procesamiento y los formatos de empaque para alinearlos con las regulaciones espec\u00edficas de su mercado, los est\u00e1ndares de marca y los objetivos de producto.<\/div>\n<\/li>\n<\/ul>\n<\/div>","protected":false},"excerpt":{"rendered":"<ul>\n<li>Opciones de entero o cortado, con clasificaci\u00f3n de longitud controlada<\/li>\n<li>Cortes ordenados y rendimiento culinario estable en todas las aplicaciones<\/li>\n<li>Formato IQF de flujo libre para un control de porciones eficiente<\/li>\n<\/ul>","protected":false},"featured_media":2631,"template":"","meta":[],"product_brand":[],"product_cat":[28],"product_tag":[],"class_list":{"0":"post-2629","1":"product","2":"type-product","3":"status-publish","4":"has-post-thumbnail","6":"product_cat-vegetable","8":"first","9":"instock","10":"shipping-taxable","11":"product-type-simple"},"yoast_head":"<!-- This site is optimized with the Yoast SEO Premium plugin v26.8 (Yoast SEO v27.4) - https:\/\/yoast.com\/product\/yoast-seo-premium-wordpress\/ -->\n<title>IQF Frozen Okra - IQF Frozen Vegetables Supplier<\/title>\n<meta name=\"description\" content=\"IQF frozen okra with stable cut, low slime control, and good frying performance. Whole or sliced, bulk &amp; private label, export to US\/EU\/Japan.\" \/>\n<meta name=\"robots\" content=\"index, follow, max-snippet:-1, max-image-preview:large, max-video-preview:-1\" \/>\n<link rel=\"canonical\" href=\"https:\/\/risesunfood.com\/es\/product\/quimbombo-congelado-entero-y-en-rodajas\/\" \/>\n<meta property=\"og:locale\" content=\"es_ES\" \/>\n<meta property=\"og:type\" content=\"article\" \/>\n<meta property=\"og:title\" content=\"IQF Frozen Okra\" \/>\n<meta property=\"og:description\" content=\"IQF frozen okra with stable cut, low slime control, and good frying performance. Whole or sliced, bulk &amp; private label, export to US\/EU\/Japan.\" \/>\n<meta property=\"og:url\" content=\"https:\/\/risesunfood.com\/es\/product\/quimbombo-congelado-entero-y-en-rodajas\/\" \/>\n<meta property=\"og:site_name\" content=\"IQF Frozen Vegetables Supplier\" \/>\n<meta property=\"article:modified_time\" content=\"2026-01-28T14:56:47+00:00\" \/>\n<meta property=\"og:image\" content=\"https:\/\/risesunfood.com\/wp-content\/uploads\/2026\/01\/20251218165237_137_46-1024x985.jpg\" \/>\n\t<meta property=\"og:image:width\" content=\"1024\" \/>\n\t<meta property=\"og:image:height\" content=\"985\" \/>\n\t<meta property=\"og:image:type\" content=\"image\/jpeg\" \/>\n<meta name=\"twitter:card\" content=\"summary_large_image\" \/>\n<meta name=\"twitter:label1\" content=\"Tiempo de lectura\" \/>\n\t<meta name=\"twitter:data1\" content=\"3 minutos\" \/>\n<script type=\"application\/ld+json\" class=\"yoast-schema-graph\">{\"@context\":\"https:\\\/\\\/schema.org\",\"@graph\":[{\"@type\":\"WebPage\",\"@id\":\"https:\\\/\\\/risesunfood.com\\\/product\\\/frozen-okra-whole-sliced\\\/\",\"url\":\"https:\\\/\\\/risesunfood.com\\\/product\\\/frozen-okra-whole-sliced\\\/\",\"name\":\"IQF Frozen Okra - IQF Frozen Vegetables Supplier\",\"isPartOf\":{\"@id\":\"https:\\\/\\\/risesunfood.com\\\/#website\"},\"primaryImageOfPage\":{\"@id\":\"https:\\\/\\\/risesunfood.com\\\/product\\\/frozen-okra-whole-sliced\\\/#primaryimage\"},\"image\":{\"@id\":\"https:\\\/\\\/risesunfood.com\\\/product\\\/frozen-okra-whole-sliced\\\/#primaryimage\"},\"thumbnailUrl\":\"https:\\\/\\\/risesunfood.com\\\/wp-content\\\/uploads\\\/2026\\\/01\\\/20251218165237_137_46.jpg\",\"datePublished\":\"2026-01-28T14:56:46+00:00\",\"dateModified\":\"2026-01-28T14:56:47+00:00\",\"description\":\"IQF frozen okra with stable cut, low slime control, and good frying performance. Whole or sliced, bulk & private label, export to US\\\/EU\\\/Japan.\",\"breadcrumb\":{\"@id\":\"https:\\\/\\\/risesunfood.com\\\/product\\\/frozen-okra-whole-sliced\\\/#breadcrumb\"},\"inLanguage\":\"es\",\"potentialAction\":[{\"@type\":\"ReadAction\",\"target\":[\"https:\\\/\\\/risesunfood.com\\\/product\\\/frozen-okra-whole-sliced\\\/\"]}]},{\"@type\":\"ImageObject\",\"inLanguage\":\"es\",\"@id\":\"https:\\\/\\\/risesunfood.com\\\/product\\\/frozen-okra-whole-sliced\\\/#primaryimage\",\"url\":\"https:\\\/\\\/risesunfood.com\\\/wp-content\\\/uploads\\\/2026\\\/01\\\/20251218165237_137_46.jpg\",\"contentUrl\":\"https:\\\/\\\/risesunfood.com\\\/wp-content\\\/uploads\\\/2026\\\/01\\\/20251218165237_137_46.jpg\",\"width\":2048,\"height\":1970,\"caption\":\"{\\\"ARInfo\\\":{\\\"IsUseAR\\\":false},\\\"Version\\\":\\\"1.0.0\\\",\\\"MakeupInfo\\\":{\\\"IsUseMakeup\\\":false},\\\"FaceliftInfo\\\":{\\\"IsChangeEyeLift\\\":false,\\\"IsChangeFacelift\\\":false,\\\"IsChangePostureLift\\\":false,\\\"IsChangeNose\\\":false,\\\"IsChangeFaceChin\\\":false,\\\"IsChangeMouth\\\":false,\\\"IsChangeThinFace\\\":false},\\\"BeautyInfo\\\":{\\\"SwitchMedicatedAcne\\\":false,\\\"IsAIBeauty\\\":false,\\\"IsBrightEyes\\\":false,\\\"IsSharpen\\\":false,\\\"IsOldBeauty\\\":false,\\\"IsReduceBlackEyes\\\":false},\\\"HandlerInfo\\\":{\\\"AppName\\\":2},\\\"FilterInfo\\\":{\\\"IsUseFilter\\\":false}}\"},{\"@type\":\"BreadcrumbList\",\"@id\":\"https:\\\/\\\/risesunfood.com\\\/product\\\/frozen-okra-whole-sliced\\\/#breadcrumb\",\"itemListElement\":[{\"@type\":\"ListItem\",\"position\":1,\"name\":\"Home\",\"item\":\"https:\\\/\\\/risesunfood.com\\\/\"},{\"@type\":\"ListItem\",\"position\":2,\"name\":\"Shop\",\"item\":\"https:\\\/\\\/risesunfood.com\\\/shop\\\/\"},{\"@type\":\"ListItem\",\"position\":3,\"name\":\"IQF Frozen Okra\"}]},{\"@type\":\"WebSite\",\"@id\":\"https:\\\/\\\/risesunfood.com\\\/#website\",\"url\":\"https:\\\/\\\/risesunfood.com\\\/\",\"name\":\"IQF Frozen Vegetables Supplier\",\"description\":\"Exporter from China | Risesun\",\"publisher\":{\"@id\":\"https:\\\/\\\/risesunfood.com\\\/#organization\"},\"potentialAction\":[{\"@type\":\"SearchAction\",\"target\":{\"@type\":\"EntryPoint\",\"urlTemplate\":\"https:\\\/\\\/risesunfood.com\\\/?s={search_term_string}\"},\"query-input\":{\"@type\":\"PropertyValueSpecification\",\"valueRequired\":true,\"valueName\":\"search_term_string\"}}],\"inLanguage\":\"es\"},{\"@type\":\"Organization\",\"@id\":\"https:\\\/\\\/risesunfood.com\\\/#organization\",\"name\":\"IQF Frozen Vegetables Supplier\",\"url\":\"https:\\\/\\\/risesunfood.com\\\/\",\"logo\":{\"@type\":\"ImageObject\",\"inLanguage\":\"es\",\"@id\":\"https:\\\/\\\/risesunfood.com\\\/#\\\/schema\\\/logo\\\/image\\\/\",\"url\":\"https:\\\/\\\/risesunfood.com\\\/wp-content\\\/uploads\\\/2026\\\/01\\\/logo.webp\",\"contentUrl\":\"https:\\\/\\\/risesunfood.com\\\/wp-content\\\/uploads\\\/2026\\\/01\\\/logo.webp\",\"width\":1415,\"height\":948,\"caption\":\"IQF Frozen Vegetables Supplier\"},\"image\":{\"@id\":\"https:\\\/\\\/risesunfood.com\\\/#\\\/schema\\\/logo\\\/image\\\/\"},\"description\":\"IQF Frozen Vegetables Manufacturer & Exporter from China\",\"email\":\"support@risesunfood.com\",\"telephone\":\"+8615281114121\",\"foundingDate\":\"2018-06-28\",\"numberOfEmployees\":{\"@type\":\"QuantitativeValue\",\"minValue\":\"201\",\"maxValue\":\"500\"}}]}<\/script>\n<!-- \/ Yoast SEO Premium plugin. -->","yoast_head_json":{"title":"Br\u00f3coli Congelado IQF - Proveedor de Verduras Congeladas IQF","description":"Quimbomb\u00f3 congelado IQF con corte uniforme, control de mucosidad reducido y excelente rendimiento al fre\u00edr. Disponible en versi\u00f3n entera o en rodajas, a granel y con marca privada, exportado a EE.UU.\/UE\/Jap\u00f3n.","robots":{"index":"index","follow":"follow","max-snippet":"max-snippet:-1","max-image-preview":"max-image-preview:large","max-video-preview":"max-video-preview:-1"},"canonical":"https:\/\/risesunfood.com\/es\/product\/quimbombo-congelado-entero-y-en-rodajas\/","og_locale":"es_ES","og_type":"article","og_title":"IQF Frozen Okra","og_description":"IQF frozen okra with stable cut, low slime control, and good frying performance. Whole or sliced, bulk & private label, export to US\/EU\/Japan.","og_url":"https:\/\/risesunfood.com\/es\/product\/quimbombo-congelado-entero-y-en-rodajas\/","og_site_name":"IQF Frozen Vegetables Supplier","article_modified_time":"2026-01-28T14:56:47+00:00","og_image":[{"width":1024,"height":985,"url":"https:\/\/risesunfood.com\/wp-content\/uploads\/2026\/01\/20251218165237_137_46-1024x985.jpg","type":"image\/jpeg"}],"twitter_card":"summary_large_image","twitter_misc":{"Tiempo de lectura":"3 minutos"},"schema":{"@context":"https:\/\/schema.org","@graph":[{"@type":"WebPage","@id":"https:\/\/risesunfood.com\/product\/frozen-okra-whole-sliced\/","url":"https:\/\/risesunfood.com\/product\/frozen-okra-whole-sliced\/","name":"Br\u00f3coli Congelado IQF - Proveedor de Verduras Congeladas IQF","isPartOf":{"@id":"https:\/\/risesunfood.com\/#website"},"primaryImageOfPage":{"@id":"https:\/\/risesunfood.com\/product\/frozen-okra-whole-sliced\/#primaryimage"},"image":{"@id":"https:\/\/risesunfood.com\/product\/frozen-okra-whole-sliced\/#primaryimage"},"thumbnailUrl":"https:\/\/risesunfood.com\/wp-content\/uploads\/2026\/01\/20251218165237_137_46.jpg","datePublished":"2026-01-28T14:56:46+00:00","dateModified":"2026-01-28T14:56:47+00:00","description":"Quimbomb\u00f3 congelado IQF con corte uniforme, control de mucosidad reducido y excelente rendimiento al fre\u00edr. Disponible en versi\u00f3n entera o en rodajas, a granel y con marca privada, exportado a EE.UU.\/UE\/Jap\u00f3n.","breadcrumb":{"@id":"https:\/\/risesunfood.com\/product\/frozen-okra-whole-sliced\/#breadcrumb"},"inLanguage":"es","potentialAction":[{"@type":"ReadAction","target":["https:\/\/risesunfood.com\/product\/frozen-okra-whole-sliced\/"]}]},{"@type":"ImageObject","inLanguage":"es","@id":"https:\/\/risesunfood.com\/product\/frozen-okra-whole-sliced\/#primaryimage","url":"https:\/\/risesunfood.com\/wp-content\/uploads\/2026\/01\/20251218165237_137_46.jpg","contentUrl":"https:\/\/risesunfood.com\/wp-content\/uploads\/2026\/01\/20251218165237_137_46.jpg","width":2048,"height":1970,"caption":"{\"ARInfo\":{\"IsUseAR\":false},\"Version\":\"1.0.0\",\"MakeupInfo\":{\"IsUseMakeup\":false},\"FaceliftInfo\":{\"IsChangeEyeLift\":false,\"IsChangeFacelift\":false,\"IsChangePostureLift\":false,\"IsChangeNose\":false,\"IsChangeFaceChin\":false,\"IsChangeMouth\":false,\"IsChangeThinFace\":false},\"BeautyInfo\":{\"SwitchMedicatedAcne\":false,\"IsAIBeauty\":false,\"IsBrightEyes\":false,\"IsSharpen\":false,\"IsOldBeauty\":false,\"IsReduceBlackEyes\":false},\"HandlerInfo\":{\"AppName\":2},\"FilterInfo\":{\"IsUseFilter\":false}}"},{"@type":"BreadcrumbList","@id":"https:\/\/risesunfood.com\/product\/frozen-okra-whole-sliced\/#breadcrumb","itemListElement":[{"@type":"ListItem","position":1,"name":"Home","item":"https:\/\/risesunfood.com\/"},{"@type":"ListItem","position":2,"name":"Shop","item":"https:\/\/risesunfood.com\/shop\/"},{"@type":"ListItem","position":3,"name":"IQF Frozen Okra"}]},{"@type":"WebSite","@id":"https:\/\/risesunfood.com\/#website","url":"https:\/\/risesunfood.com\/","name":"Proveedor de Verduras Congeladas IQF","description":"Exporter from China | Risesun","publisher":{"@id":"https:\/\/risesunfood.com\/#organization"},"potentialAction":[{"@type":"SearchAction","target":{"@type":"EntryPoint","urlTemplate":"https:\/\/risesunfood.com\/?s={search_term_string}"},"query-input":{"@type":"PropertyValueSpecification","valueRequired":true,"valueName":"search_term_string"}}],"inLanguage":"es"},{"@type":"Organization","@id":"https:\/\/risesunfood.com\/#organization","name":"Proveedor de Verduras Congeladas IQF","url":"https:\/\/risesunfood.com\/","logo":{"@type":"ImageObject","inLanguage":"es","@id":"https:\/\/risesunfood.com\/#\/schema\/logo\/image\/","url":"https:\/\/risesunfood.com\/wp-content\/uploads\/2026\/01\/logo.webp","contentUrl":"https:\/\/risesunfood.com\/wp-content\/uploads\/2026\/01\/logo.webp","width":1415,"height":948,"caption":"IQF Frozen Vegetables Supplier"},"image":{"@id":"https:\/\/risesunfood.com\/#\/schema\/logo\/image\/"},"description":"IQF Frozen Vegetables Manufacturer & Exporter from China","email":"support@risesunfood.com","telephone":"+8615281114121","foundingDate":"2018-06-28","numberOfEmployees":{"@type":"QuantitativeValue","minValue":"201","maxValue":"500"}}]}},"_links":{"self":[{"href":"https:\/\/risesunfood.com\/es\/wp-json\/wp\/v2\/product\/2629","targetHints":{"allow":["GET"]}}],"collection":[{"href":"https:\/\/risesunfood.com\/es\/wp-json\/wp\/v2\/product"}],"about":[{"href":"https:\/\/risesunfood.com\/es\/wp-json\/wp\/v2\/types\/product"}],"wp:featuredmedia":[{"embeddable":true,"href":"https:\/\/risesunfood.com\/es\/wp-json\/wp\/v2\/media\/2631"}],"wp:attachment":[{"href":"https:\/\/risesunfood.com\/es\/wp-json\/wp\/v2\/media?parent=2629"}],"wp:term":[{"taxonomy":"product_brand","embeddable":true,"href":"https:\/\/risesunfood.com\/es\/wp-json\/wp\/v2\/product_brand?post=2629"},{"taxonomy":"product_cat","embeddable":true,"href":"https:\/\/risesunfood.com\/es\/wp-json\/wp\/v2\/product_cat?post=2629"},{"taxonomy":"product_tag","embeddable":true,"href":"https:\/\/risesunfood.com\/es\/wp-json\/wp\/v2\/product_tag?post=2629"}],"curies":[{"name":"wp","href":"https:\/\/api.w.org\/{rel}","templated":true}]}}