{"id":2647,"date":"2026-01-28T15:11:21","date_gmt":"2026-01-28T15:11:21","guid":{"rendered":"https:\/\/risesunfood.com\/?post_type=product&#038;p=2647"},"modified":"2026-01-28T15:11:22","modified_gmt":"2026-01-28T15:11:22","slug":"trozos-de-batata-morada-congelada","status":"publish","type":"product","link":"https:\/\/risesunfood.com\/es\/product\/trozos-de-batata-morada-congelada\/","title":{"rendered":"Cubos de Batata Morada Congelados por IQF"},"content":{"rendered":"<div data-page-id=\"Zut5fws2CdAfwWcb7gacRNXLnnx\" data-lark-html-role=\"root\" data-docx-has-block-data=\"false\">\n<div data-page-id=\"Zut5fws2CdAfwWcb7gacRNXLnnx\" data-lark-html-role=\"root\" data-docx-has-block-data=\"false\">\n<div data-page-id=\"Zut5fws2CdAfwWcb7gacRNXLnnx\" data-lark-html-role=\"root\" data-docx-has-block-data=\"false\">\n<h2 class=\"heading-2 ace-line old-record-id-Swamf22z0dc9NycOktAcb4jJnfQ\">Resumen del Producto<\/h2>\n<div class=\"ace-line ace-line old-record-id-CQMYffdJHd7xtFcxOJrcYqa1nEd\">Los dados de batata morada congelada IQF de Risesun Food est\u00e1n dise\u00f1ados espec\u00edficamente para productos que requieren vibrancia de color natural y consistencia de textura. Elevan el atractivo visual y la experiencia gastron\u00f3mica de sus productos.<\/div>\n<div class=\"ace-line ace-line old-record-id-B9ntfMFqLdrEIAca2q0cBgPCn2e\">Primero, comenzamos con batatas moradas premium cuidadosamente seleccionadas. Las recolectamos a mano por su pulpa de color morado profundo y rico, alto contenido de antocianinas (el pigmento natural que preserva el color) y dulzor natural suave. Adem\u00e1s, sometemos cada batata a una selecci\u00f3n rigurosa para garantizar la uniformidad en la saturaci\u00f3n de color, tama\u00f1o y calidad. Cabe destacar que rechazamos estrictamente los tub\u00e9rculos con decoloraci\u00f3n, manchas o textura inconsistente.<\/div>\n<div class=\"ace-line ace-line old-record-id-XkhwfKyT3d7u7ccHnpncu62Xnlm\">Despu\u00e9s de la selecci\u00f3n, procesamos las batatas moradas inmediatamente. Las lavamos exhaustivamente, removemos la piel dura y las impurezas, y las cortamos en dados precisos y uniformes. Para este paso, utilizamos equipos de corte avanzados para garantizar que cada dado tenga dimensiones consistentes, lo que permite una cocci\u00f3n uniforme y una presentaci\u00f3n ordenada.<\/div>\n<div class=\"ace-line ace-line old-record-id-OwXFfulb6duXo1cJwqucE7kznoR\">Luego, aplicamos la tecnolog\u00eda de Congelaci\u00f3n R\u00e1pida Individual (IQF) a los dados. Cada trozo se congela r\u00e1pidamente de forma independiente a temperaturas ultrabajas. Este proceso avanzado fija el tono morado vibrante y evita que se desvanezca durante el almacenamiento y la cocci\u00f3n. Tambi\u00e9n preserva el dulzor natural suave y mantiene la textura inherente de la batata. Como resultado, el producto tiene un flujo libre sin aglomeraci\u00f3n, lo que hace que el pesaje, el porcionamiento y el manejo sean r\u00e1pidos, eficientes y sin desorden \u2014 ideal tanto para cocinas de servicios de alimentaci\u00f3n como para l\u00edneas de procesamiento industrial.<\/div>\n<h2 class=\"heading-2 ace-line old-record-id-TvQ1fM3OedO23Xct6avcrm6an9g\">Principales Ventajas de Rendimiento en Cocci\u00f3n y Calidad<\/h2>\n<div class=\"ace-line ace-line old-record-id-IKgffLcz3dxj7eccLXhce8xlnCe\">Nuestros dados de batata morada congelada IQF ofrecen un rendimiento consistente y confiable. Espec\u00edficamente, se centran en dos atributos clave que sus productos necesitan: apariencia estable y calidad gastron\u00f3mica predecible.<\/div>\n<div class=\"ace-line ace-line old-record-id-FCBQfJevXdyKLmcRQEHcJWj9n3d\">Sin embargo, los productos convencionales de batata morada congelada suelen desvanecerse, tener textura desigual o desmenuzarse al ser cocinados. Por el contrario, dise\u00f1amos nuestros dados para retener su integridad y vibrancia. Al calentar los dados \u2014 ya sea al vapor, hervidos, horneados o a\u00f1adidos a formulaciones \u2014 mantendr\u00e1n una textura suave, cremosa y agradablemente densa. Nunca se desmenuzan, se hacen pastosos ni pierden su forma. Como consecuencia, esta consistencia garantiza un aspecto y sabor uniformes para sus productos finales en cada lote, reduciendo el desperdicio y asegurando la satisfacci\u00f3n del cliente.<\/div>\n<div class=\"ace-line ace-line old-record-id-FuOXfAu1Wdbnz1czTIEcD26pnpf\">El formato IQF mejora a\u00fan m\u00e1s la usabilidad y la eficiencia. Su naturaleza de flujo libre permite un pesaje f\u00e1cil y preciso, as\u00ed como un porcionamiento r\u00e1pido. Por ello, no es necesario descongelar lotes completos, lo que reduce el desperdicio de producto.<\/div>\n<div class=\"ace-line ace-line old-record-id-Ff2yfjI87dCgBycvuhOcqryvn9f\">Adem\u00e1s, optimiza las operaciones de las cocinas de servicios de alimentaci\u00f3n y los fabricantes, y garantiza un rendimiento y una presentaci\u00f3n consistentes en cada porci\u00f3n o producto. Nuestros dados de batata morada congelada IQF son vers\u00e1tiles y agregan valor, gracias a su color morado vibrante, dulzor natural suave y textura confiable.<\/div>\n<div class=\"ace-line ace-line old-record-id-YXZgfjKJNd3GuHc9MhYcycsEnrf\">Funcionan excelentemente en m\u00faltiples aplicaciones, por ejemplo, postres, rellenos de panader\u00eda (como panecillos, pasteles y boller\u00eda), pudines, ingredientes para helado, batidos, bebidas y productos dulces listos para consumir. Su color distintivo y sabor natural y limpio ayudan a diferenciar sus productos. Esto no solo se destaca en un mercado competitivo, sino que tambi\u00e9n atrae a los consumidores que buscan ingredientes visualmente atractivos, de alta calidad y de origen natural.<\/div>\n<h2 class=\"heading-2 ace-line old-record-id-AR0kfqHqTdRTFfc9YCoc2bkpn5w\">Bolsas a granel: Para uso en servicios de alimentaci\u00f3n y procesamiento adicional<\/h2>\n<div class=\"ace-line ace-line old-record-id-GEmifoOaAd3ibQcQrTsc33H5noh\">Ofrecemos especificaciones personalizables y cumplimos estrictamente con las normativas internacionales de seguridad alimentaria. Podemos adaptar el tama\u00f1o, el estilo de corte y el empaquetado a sus necesidades, al tiempo que cumplimos con los requisitos de seguridad alimentaria de mercados objetivo como EE.UU., la UE y Jap\u00f3n, garantizando el cumplimiento del producto y el acceso al mercado.<\/div>\n<div class=\"ace-line ace-line old-record-id-GoSFfsrVPdsSI7cbfoAcvOETn9N\">Adem\u00e1s, fabricamos nuestro producto bajo sistemas estrictos de gesti\u00f3n de seguridad alimentaria. Esto garantiza una calidad consistente, trazabilidad completa y cumplimiento con normativas internacionales, permitiendo un suministro fluido y distribuci\u00f3n global.<\/div>\n<ul class=\"list-bullet1\">\n<li class=\"ace-line ace-line old-record-id-RtohfWFTGdRZY5ctxGVcbx3EnDg\" data-list=\"bullet\">\n<div><strong>Personalizaci\u00f3n del Tama\u00f1o de los Dados<\/strong>Ofrecemos opciones flexibles de dimensiones de dados y los adaptamos a sus necesidades de recetas y procesamiento. Por ejemplo, elija dados peque\u00f1os de tama\u00f1o bocado \u2014 ideales para ingredientes de helado, batidos y snacks. Alternativamente, seleccione dados m\u00e1s grandes \u2014 perfectos para postres, rellenos de panader\u00eda y productos listos para consumir. Importante, garantizamos un tama\u00f1o preciso y uniforme en cada lote.<\/div>\n<\/li>\n<li class=\"ace-line ace-line old-record-id-FDvTf49DGdh84qcq95zcXyltnWg\" data-list=\"bullet\">\n<div><strong>Ajustes Adicionales de Especificaciones<\/strong>Podemos adaptar los par\u00e1metros de procesamiento para satisfacer sus necesidades, incluyendo el grosor de la c\u00e1scara (si prefiere c\u00e1scara parcial), la intensidad del color (para que coincida con la est\u00e9tica de su producto) y los niveles de dulzor. Adem\u00e1s, garantizamos que los dados se integren perfectamente en sus formulaciones.<\/div>\n<\/li>\n<li class=\"ace-line ace-line old-record-id-WF31fbWxydQKGUcIvCkcU4VVndb\" data-list=\"bullet\">\n<div><strong>Seguridad Alimentaria y Fiabilidad del Suministro<\/strong>Fabricamos nuestro producto bajo sistemas estrictos de gesti\u00f3n de seguridad alimentaria e integramos controles de calidad, detecci\u00f3n de metales y rigurosos controles de higiene. Estas medidas se aplican en cada paso de la producci\u00f3n \u2014 desde la selecci\u00f3n hasta la congelaci\u00f3n y el empaquetado. Adem\u00e1s, nuestros dados de batata morada congelada IQF est\u00e1n listos para exportaci\u00f3n y cumplen con normativas internacionales para mercados globales (incluyendo EE.UU., la UE y Jap\u00f3n). Finalmente, garantizamos un suministro constante durante todo el a\u00f1o, lo que elimina las preocupaciones sobre las fluctuaciones estacionales en la disponibilidad de batata morada fresca.<\/div>\n<\/li>\n<\/ul>\n<\/div>\n<\/div>\n<\/div>","protected":false},"excerpt":{"rendered":"<ul>\n<li>Color morado vibrante natural para productos destacados<\/li>\n<li>Textura suave y densa uniforme despu\u00e9s de calentamiento<\/li>\n<li>Dados IQF de flujo libre para porcionamiento y procesamiento f\u00e1ciles<\/li>\n<\/ul>","protected":false},"featured_media":2648,"template":"","meta":[],"product_brand":[],"product_cat":[28],"product_tag":[],"class_list":{"0":"post-2647","1":"product","2":"type-product","3":"status-publish","4":"has-post-thumbnail","6":"product_cat-vegetable","8":"first","9":"instock","10":"shipping-taxable","11":"product-type-simple"},"yoast_head":"<!-- This site is optimized with the Yoast SEO Premium plugin v26.8 (Yoast SEO v27.4) - https:\/\/yoast.com\/product\/yoast-seo-premium-wordpress\/ -->\n<title>IQF Frozen Purple Sweet Potato Cubes - IQF Frozen Vegetables Supplier | Bulk &amp; Private Label<\/title>\n<meta name=\"description\" content=\"IQF frozen purple sweet potato chunks with vivid color and stable texture. Great for desserts and bakery, bulk packs and private label, export to US\/EU\/Japan.\" \/>\n<meta name=\"robots\" content=\"index, follow, max-snippet:-1, max-image-preview:large, max-video-preview:-1\" \/>\n<link rel=\"canonical\" href=\"https:\/\/risesunfood.com\/es\/product\/trozos-de-batata-morada-congelada\/\" \/>\n<meta property=\"og:locale\" content=\"es_ES\" \/>\n<meta property=\"og:type\" content=\"article\" \/>\n<meta property=\"og:title\" content=\"IQF Frozen Purple Sweet Potato Cubes\" \/>\n<meta property=\"og:description\" content=\"IQF frozen purple sweet potato chunks with vivid color and stable texture. Great for desserts and bakery, bulk packs and private label, export to US\/EU\/Japan.\" \/>\n<meta property=\"og:url\" content=\"https:\/\/risesunfood.com\/es\/product\/trozos-de-batata-morada-congelada\/\" \/>\n<meta property=\"og:site_name\" content=\"IQF Frozen Vegetables Supplier\" \/>\n<meta property=\"article:modified_time\" content=\"2026-01-28T15:11:22+00:00\" \/>\n<meta property=\"og:image\" content=\"https:\/\/risesunfood.com\/wp-content\/uploads\/2026\/01\/20251218163715_124_46-1024x1024.jpg\" \/>\n\t<meta property=\"og:image:width\" content=\"1024\" \/>\n\t<meta property=\"og:image:height\" content=\"1024\" \/>\n\t<meta property=\"og:image:type\" content=\"image\/jpeg\" \/>\n<meta name=\"twitter:card\" content=\"summary_large_image\" \/>\n<meta name=\"twitter:label1\" content=\"Tiempo de lectura\" \/>\n\t<meta name=\"twitter:data1\" content=\"4 minutos\" \/>\n<script type=\"application\/ld+json\" class=\"yoast-schema-graph\">{\"@context\":\"https:\\\/\\\/schema.org\",\"@graph\":[{\"@type\":\"WebPage\",\"@id\":\"https:\\\/\\\/risesunfood.com\\\/product\\\/frozen-purple-sweet-potato-chunks\\\/\",\"url\":\"https:\\\/\\\/risesunfood.com\\\/product\\\/frozen-purple-sweet-potato-chunks\\\/\",\"name\":\"IQF Frozen Purple Sweet Potato Cubes - IQF Frozen Vegetables Supplier | Bulk & Private Label\",\"isPartOf\":{\"@id\":\"https:\\\/\\\/risesunfood.com\\\/#website\"},\"primaryImageOfPage\":{\"@id\":\"https:\\\/\\\/risesunfood.com\\\/product\\\/frozen-purple-sweet-potato-chunks\\\/#primaryimage\"},\"image\":{\"@id\":\"https:\\\/\\\/risesunfood.com\\\/product\\\/frozen-purple-sweet-potato-chunks\\\/#primaryimage\"},\"thumbnailUrl\":\"https:\\\/\\\/risesunfood.com\\\/wp-content\\\/uploads\\\/2026\\\/01\\\/20251218163715_124_46.jpg\",\"datePublished\":\"2026-01-28T15:11:21+00:00\",\"dateModified\":\"2026-01-28T15:11:22+00:00\",\"description\":\"IQF frozen purple sweet potato chunks with vivid color and stable texture. Great for desserts and bakery, bulk packs and private label, export to US\\\/EU\\\/Japan.\",\"breadcrumb\":{\"@id\":\"https:\\\/\\\/risesunfood.com\\\/product\\\/frozen-purple-sweet-potato-chunks\\\/#breadcrumb\"},\"inLanguage\":\"es\",\"potentialAction\":[{\"@type\":\"ReadAction\",\"target\":[\"https:\\\/\\\/risesunfood.com\\\/product\\\/frozen-purple-sweet-potato-chunks\\\/\"]}]},{\"@type\":\"ImageObject\",\"inLanguage\":\"es\",\"@id\":\"https:\\\/\\\/risesunfood.com\\\/product\\\/frozen-purple-sweet-potato-chunks\\\/#primaryimage\",\"url\":\"https:\\\/\\\/risesunfood.com\\\/wp-content\\\/uploads\\\/2026\\\/01\\\/20251218163715_124_46.jpg\",\"contentUrl\":\"https:\\\/\\\/risesunfood.com\\\/wp-content\\\/uploads\\\/2026\\\/01\\\/20251218163715_124_46.jpg\",\"width\":2048,\"height\":2048,\"caption\":\"{\\\"ARInfo\\\":{\\\"IsUseAR\\\":false},\\\"Version\\\":\\\"1.0.0\\\",\\\"MakeupInfo\\\":{\\\"IsUseMakeup\\\":false},\\\"FaceliftInfo\\\":{\\\"IsChangeEyeLift\\\":false,\\\"IsChangeFacelift\\\":false,\\\"IsChangePostureLift\\\":false,\\\"IsChangeNose\\\":false,\\\"IsChangeFaceChin\\\":false,\\\"IsChangeMouth\\\":false,\\\"IsChangeThinFace\\\":false},\\\"BeautyInfo\\\":{\\\"SwitchMedicatedAcne\\\":false,\\\"IsAIBeauty\\\":false,\\\"IsBrightEyes\\\":false,\\\"IsSharpen\\\":false,\\\"IsOldBeauty\\\":false,\\\"IsReduceBlackEyes\\\":false},\\\"HandlerInfo\\\":{\\\"AppName\\\":2},\\\"FilterInfo\\\":{\\\"IsUseFilter\\\":false}}\"},{\"@type\":\"BreadcrumbList\",\"@id\":\"https:\\\/\\\/risesunfood.com\\\/product\\\/frozen-purple-sweet-potato-chunks\\\/#breadcrumb\",\"itemListElement\":[{\"@type\":\"ListItem\",\"position\":1,\"name\":\"Home\",\"item\":\"https:\\\/\\\/risesunfood.com\\\/\"},{\"@type\":\"ListItem\",\"position\":2,\"name\":\"Shop\",\"item\":\"https:\\\/\\\/risesunfood.com\\\/shop\\\/\"},{\"@type\":\"ListItem\",\"position\":3,\"name\":\"IQF Frozen Purple Sweet Potato Cubes\"}]},{\"@type\":\"WebSite\",\"@id\":\"https:\\\/\\\/risesunfood.com\\\/#website\",\"url\":\"https:\\\/\\\/risesunfood.com\\\/\",\"name\":\"IQF Frozen Vegetables Supplier\",\"description\":\"Exporter from China | Risesun\",\"publisher\":{\"@id\":\"https:\\\/\\\/risesunfood.com\\\/#organization\"},\"potentialAction\":[{\"@type\":\"SearchAction\",\"target\":{\"@type\":\"EntryPoint\",\"urlTemplate\":\"https:\\\/\\\/risesunfood.com\\\/?s={search_term_string}\"},\"query-input\":{\"@type\":\"PropertyValueSpecification\",\"valueRequired\":true,\"valueName\":\"search_term_string\"}}],\"inLanguage\":\"es\"},{\"@type\":\"Organization\",\"@id\":\"https:\\\/\\\/risesunfood.com\\\/#organization\",\"name\":\"IQF Frozen Vegetables Supplier\",\"url\":\"https:\\\/\\\/risesunfood.com\\\/\",\"logo\":{\"@type\":\"ImageObject\",\"inLanguage\":\"es\",\"@id\":\"https:\\\/\\\/risesunfood.com\\\/#\\\/schema\\\/logo\\\/image\\\/\",\"url\":\"https:\\\/\\\/risesunfood.com\\\/wp-content\\\/uploads\\\/2026\\\/01\\\/logo.webp\",\"contentUrl\":\"https:\\\/\\\/risesunfood.com\\\/wp-content\\\/uploads\\\/2026\\\/01\\\/logo.webp\",\"width\":1415,\"height\":948,\"caption\":\"IQF Frozen Vegetables Supplier\"},\"image\":{\"@id\":\"https:\\\/\\\/risesunfood.com\\\/#\\\/schema\\\/logo\\\/image\\\/\"},\"description\":\"IQF Frozen Vegetables Manufacturer & Exporter from China\",\"email\":\"support@risesunfood.com\",\"telephone\":\"+8615281114121\",\"foundingDate\":\"2018-06-28\",\"numberOfEmployees\":{\"@type\":\"QuantitativeValue\",\"minValue\":\"201\",\"maxValue\":\"500\"}}]}<\/script>\n<!-- \/ Yoast SEO Premium plugin. -->","yoast_head_json":{"title":"Dados de Batata Morada Congelada IQF - Proveedor de Verduras Congeladas IQF","description":"Trozos de batata morada congelada IQF con color vivo y textura estable. Ideales para postres y panader\u00eda, disponibles en envases a granel y con marca privada, exportados a EE.UU.\/UE\/Jap\u00f3n.","robots":{"index":"index","follow":"follow","max-snippet":"max-snippet:-1","max-image-preview":"max-image-preview:large","max-video-preview":"max-video-preview:-1"},"canonical":"https:\/\/risesunfood.com\/es\/product\/trozos-de-batata-morada-congelada\/","og_locale":"es_ES","og_type":"article","og_title":"IQF Frozen Purple Sweet Potato Cubes","og_description":"IQF frozen purple sweet potato chunks with vivid color and stable texture. Great for desserts and bakery, bulk packs and private label, export to US\/EU\/Japan.","og_url":"https:\/\/risesunfood.com\/es\/product\/trozos-de-batata-morada-congelada\/","og_site_name":"IQF Frozen Vegetables Supplier","article_modified_time":"2026-01-28T15:11:22+00:00","og_image":[{"width":1024,"height":1024,"url":"https:\/\/risesunfood.com\/wp-content\/uploads\/2026\/01\/20251218163715_124_46-1024x1024.jpg","type":"image\/jpeg"}],"twitter_card":"summary_large_image","twitter_misc":{"Tiempo de lectura":"4 minutos"},"schema":{"@context":"https:\/\/schema.org","@graph":[{"@type":"WebPage","@id":"https:\/\/risesunfood.com\/product\/frozen-purple-sweet-potato-chunks\/","url":"https:\/\/risesunfood.com\/product\/frozen-purple-sweet-potato-chunks\/","name":"Dados de Batata Morada Congelada IQF - Proveedor de Verduras Congeladas IQF","isPartOf":{"@id":"https:\/\/risesunfood.com\/#website"},"primaryImageOfPage":{"@id":"https:\/\/risesunfood.com\/product\/frozen-purple-sweet-potato-chunks\/#primaryimage"},"image":{"@id":"https:\/\/risesunfood.com\/product\/frozen-purple-sweet-potato-chunks\/#primaryimage"},"thumbnailUrl":"https:\/\/risesunfood.com\/wp-content\/uploads\/2026\/01\/20251218163715_124_46.jpg","datePublished":"2026-01-28T15:11:21+00:00","dateModified":"2026-01-28T15:11:22+00:00","description":"Trozos de batata morada congelada IQF con color vivo y textura estable. Ideales para postres y panader\u00eda, disponibles en envases a granel y con marca privada, exportados a EE.UU.\/UE\/Jap\u00f3n.","breadcrumb":{"@id":"https:\/\/risesunfood.com\/product\/frozen-purple-sweet-potato-chunks\/#breadcrumb"},"inLanguage":"es","potentialAction":[{"@type":"ReadAction","target":["https:\/\/risesunfood.com\/product\/frozen-purple-sweet-potato-chunks\/"]}]},{"@type":"ImageObject","inLanguage":"es","@id":"https:\/\/risesunfood.com\/product\/frozen-purple-sweet-potato-chunks\/#primaryimage","url":"https:\/\/risesunfood.com\/wp-content\/uploads\/2026\/01\/20251218163715_124_46.jpg","contentUrl":"https:\/\/risesunfood.com\/wp-content\/uploads\/2026\/01\/20251218163715_124_46.jpg","width":2048,"height":2048,"caption":"{\"ARInfo\":{\"IsUseAR\":false},\"Version\":\"1.0.0\",\"MakeupInfo\":{\"IsUseMakeup\":false},\"FaceliftInfo\":{\"IsChangeEyeLift\":false,\"IsChangeFacelift\":false,\"IsChangePostureLift\":false,\"IsChangeNose\":false,\"IsChangeFaceChin\":false,\"IsChangeMouth\":false,\"IsChangeThinFace\":false},\"BeautyInfo\":{\"SwitchMedicatedAcne\":false,\"IsAIBeauty\":false,\"IsBrightEyes\":false,\"IsSharpen\":false,\"IsOldBeauty\":false,\"IsReduceBlackEyes\":false},\"HandlerInfo\":{\"AppName\":2},\"FilterInfo\":{\"IsUseFilter\":false}}"},{"@type":"BreadcrumbList","@id":"https:\/\/risesunfood.com\/product\/frozen-purple-sweet-potato-chunks\/#breadcrumb","itemListElement":[{"@type":"ListItem","position":1,"name":"Home","item":"https:\/\/risesunfood.com\/"},{"@type":"ListItem","position":2,"name":"Shop","item":"https:\/\/risesunfood.com\/shop\/"},{"@type":"ListItem","position":3,"name":"IQF Frozen Purple Sweet Potato Cubes"}]},{"@type":"WebSite","@id":"https:\/\/risesunfood.com\/#website","url":"https:\/\/risesunfood.com\/","name":"Proveedor de Verduras Congeladas IQF","description":"Exporter from China | Risesun","publisher":{"@id":"https:\/\/risesunfood.com\/#organization"},"potentialAction":[{"@type":"SearchAction","target":{"@type":"EntryPoint","urlTemplate":"https:\/\/risesunfood.com\/?s={search_term_string}"},"query-input":{"@type":"PropertyValueSpecification","valueRequired":true,"valueName":"search_term_string"}}],"inLanguage":"es"},{"@type":"Organization","@id":"https:\/\/risesunfood.com\/#organization","name":"Proveedor de Verduras Congeladas IQF","url":"https:\/\/risesunfood.com\/","logo":{"@type":"ImageObject","inLanguage":"es","@id":"https:\/\/risesunfood.com\/#\/schema\/logo\/image\/","url":"https:\/\/risesunfood.com\/wp-content\/uploads\/2026\/01\/logo.webp","contentUrl":"https:\/\/risesunfood.com\/wp-content\/uploads\/2026\/01\/logo.webp","width":1415,"height":948,"caption":"IQF Frozen Vegetables Supplier"},"image":{"@id":"https:\/\/risesunfood.com\/#\/schema\/logo\/image\/"},"description":"IQF Frozen Vegetables Manufacturer & Exporter from China","email":"support@risesunfood.com","telephone":"+8615281114121","foundingDate":"2018-06-28","numberOfEmployees":{"@type":"QuantitativeValue","minValue":"201","maxValue":"500"}}]}},"_links":{"self":[{"href":"https:\/\/risesunfood.com\/es\/wp-json\/wp\/v2\/product\/2647","targetHints":{"allow":["GET"]}}],"collection":[{"href":"https:\/\/risesunfood.com\/es\/wp-json\/wp\/v2\/product"}],"about":[{"href":"https:\/\/risesunfood.com\/es\/wp-json\/wp\/v2\/types\/product"}],"wp:featuredmedia":[{"embeddable":true,"href":"https:\/\/risesunfood.com\/es\/wp-json\/wp\/v2\/media\/2648"}],"wp:attachment":[{"href":"https:\/\/risesunfood.com\/es\/wp-json\/wp\/v2\/media?parent=2647"}],"wp:term":[{"taxonomy":"product_brand","embeddable":true,"href":"https:\/\/risesunfood.com\/es\/wp-json\/wp\/v2\/product_brand?post=2647"},{"taxonomy":"product_cat","embeddable":true,"href":"https:\/\/risesunfood.com\/es\/wp-json\/wp\/v2\/product_cat?post=2647"},{"taxonomy":"product_tag","embeddable":true,"href":"https:\/\/risesunfood.com\/es\/wp-json\/wp\/v2\/product_tag?post=2647"}],"curies":[{"name":"wp","href":"https:\/\/api.w.org\/{rel}","templated":true}]}}